
{"id":1495,"date":"2018-04-10T13:41:07","date_gmt":"2018-04-10T13:41:07","guid":{"rendered":"http:\/\/roerdinkhof.nl\/?page_id=1495"},"modified":"2025-10-07T08:19:20","modified_gmt":"2025-10-07T08:19:20","slug":"balinesemassage","status":"publish","type":"page","link":"https:\/\/roerdinkhof.nl\/de\/balinesemassage\/","title":{"rendered":"Wellness"},"content":{"rendered":"<div class=\"wpb-content-wrapper\"><div class=\"vc_row wpb_row vc_row-fluid shape_divider_top-none shape_divider_bottom-none\"><div class=\"wpb_column vc_column_container vc_col-sm-12 sc_layouts_column_icons_position_left\"><div class=\"vc_column-inner\"><div class=\"wpb_wrapper\"><h2 style=\"text-align: left;font-family:Bevan;font-weight:400;font-style:normal\" class=\"vc_custom_heading vc_do_custom_heading\" >Wellness<\/h2><div class=\"vc_empty_space  sc_height_tiny\"   style=\"height: 32px\"><span class=\"vc_empty_space_inner\"><\/span><\/div><\/div><\/div><\/div><\/div><div class=\"vc_row wpb_row vc_row-fluid shape_divider_top-none shape_divider_bottom-none\"><div class=\"wpb_column vc_column_container vc_col-sm-12 sc_layouts_column_icons_position_left\"><div class=\"vc_column-inner\"><div class=\"wpb_wrapper\">\n\t<div class=\"wpb_text_column wpb_content_element\" >\n\t\t<div class=\"wpb_wrapper\">\n\t\t\t<h5 class=\"sec-header3 resp-768-gap\"><strong>Zur\u00fcck zu einem nat\u00fcrlichen Leben auf dem Roerdinkhof<\/strong><\/h5>\n<p>Auf dem Roerdinkhof k\u00f6nnen Sie \u00fcbernachten, fr\u00fchst\u00fccken, zu Mittag und zu Abend essen, mit Produkten aus der Region. Die nat\u00fcrliche Umgebung des Roerdinkhofs garantiert Genuss und Gl\u00fcck f\u00fcr alle. Mehr Lebensfreude setzt eine gute Gesundheit voraus. Deshalb gibt es Wellness schon seit \u00fcber 100 Jahren.<\/p>\n<p>Wir sind stolz darauf, dass wir zu einer nat\u00fcrlichen Lebensweise zur\u00fcckkehren k\u00f6nnen und somit ein gutes Gleichgewicht in unserem Leben schaffen. Unsere Therapeutin Nina sorgt mit ihren Wellness-Behandlungen im Amazing Spa Nina in Winterswijk daf\u00fcr, dass Sie v\u00f6llig zur Ruhe kommen.<\/p>\n<div>\n<p><b>Herbstangebot auf dem Roerdinkhof <\/b><b>\ud83c\udf42<br \/>\n<\/b>Entspannen Sie sich auf unserem sch\u00f6nen Anwesen, einschlie\u00dflich einer Massage im Amazing Spa Nina.<\/p>\n<\/div>\n<div>\n<p><b>Was ist enthalten?<\/b><\/p>\n<\/div>\n<div>\n<ul type=\"disc\">\n<li>2 Hotel\u00fcbernachtungen (Ankunft Montag oder Mittwoch) in einem Zimmer mit eigenem Bad<\/li>\n<\/ul>\n<\/div>\n<div>\n<ul type=\"disc\">\n<li>2x Fr\u00fchst\u00fcck nach Wahl in unserem Restaurant in der denkmalgesch\u00fctzten, restaurierten \u00e4ltesten Scheune der Niederlande (1544)<\/li>\n<\/ul>\n<\/div>\n<div>\n<ul type=\"disc\">\n<li>Entspannende 1,5-st\u00fcndige Massage f\u00fcr 2 Personen im Amazing Spa Nina<\/li>\n<\/ul>\n<\/div>\n<div>\n<ul type=\"disc\">\n<li>Transport zum und vom Massagesalon<\/li>\n<\/ul>\n<\/div>\n<div>\n<p><b>Von \u20ac 484 f\u00fcr \u20ac 349<\/b>\u00a0- 2 N\u00e4chte (2 Personen, 2x Fr\u00fchst\u00fcck + 2 Massagen)<\/p>\n<\/div>\n<div>\n<p><b>Von \u20ac332 f\u00fcr \u20ac249<\/b>\u00a0- 1 Nacht (2 Personen, Fr\u00fchst\u00fcck + 2 Massagen)<\/p>\n<\/div>\n<div>\n<p><b>Extras zu buchen:<\/b><\/p>\n<\/div>\n<div>\n<p>\u2795 Sauna im Bahia Bocholt:\u00a0<b>von \u20ac 29,50 f\u00fcr \u20ac 24,50<\/b>\u00a0(ganzt\u00e4giger Zugang)<\/p>\n<\/div>\n<div>\n<p>\u2795 Abendessen im Restaurant Kronenhuis Winterswijk:\u00a0<b>von \u20ac 35,- p.P. f\u00fcr \u20ac 30,- p.P.<\/b><\/p>\n<\/div>\n<div>\n<p>Es gibt nur <b>sechs Hotelzimmer<\/b> verf\u00fcgbar f\u00fcr dieses Angebot. Chancen auch f\u00fcr 1 Person! Also schnell sein! Lassen Sie sich vom Herbst w\u00e4rmen - genie\u00dfen Sie dieses k\u00f6stliche Verw\u00f6hnpaket!<\/p>\n<\/div>\n<div>\n<p>&nbsp;<\/p>\n<\/div>\n\n\t\t<\/div>\n\t<\/div>\n<div class=\"vc_empty_space  sc_height_tiny\"   style=\"height: 32px\"><span class=\"vc_empty_space_inner\"><\/span><\/div>\n\t<div class=\"wpb_text_column wpb_content_element\" >\n\t\t<div class=\"wpb_wrapper\">\n\t\t\t<div class=\"sec-header3 resp-768-gap\">\n<h5 class=\"resp-360-home-mar-bottoms\"><strong>Erstaunliches Spa Nina<\/strong><\/h5>\n<p>Suchen Sie einen Ort, an dem Sie sich wirklich entspannen k\u00f6nnen? Lernen Sie <a class=\"decorated-link\" href=\"https:\/\/www.amazing-spa-nina.nl\" target=\"_new\" rel=\"noopener\" data-start=\"246\" data-end=\"297\">Erstaunliches Spa Nina<\/a> im Zentrum von Winterswijk. Hinter diesem besonderen Spa steht Nina, geboren im sch\u00f6nen Bali, eine erfahrene Masseurin mit einer Leidenschaft f\u00fcr Wohlbefinden und Entspannung. Mit \u00fcber 35 Jahren Erfahrung und einem Auge f\u00fcrs Detail sorgt Nina daf\u00fcr, dass jede Behandlung ganz auf Ihre Bed\u00fcrfnisse und W\u00fcnsche zugeschnitten ist. In ihrer Praxis Amazing Spa bietet Nina Behandlungen wie traditionelle balinesische Massage, Fu\u00dfreflexzonenmassage, Haar- und Kopfhautpflege, Gesichtsbehandlungen und K\u00f6rperpeelings an.<\/p>\n<\/div>\n<div class=\"sec-header3 resp-768-gap\">\n<p>Das Amazing Spa Nina steht f\u00fcr einen nat\u00fcrlichen Lebensstil und inneres Gleichgewicht. Mit ihren Behandlungen helfen sie Ihnen, sich vollst\u00e4ndig zu entspannen, damit K\u00f6rper und Geist wieder in Einklang kommen.<\/p>\n<p>G\u00f6nnen Sie sich einen Moment des Luxus und der Ruhe - Ihr K\u00f6rper und Ihr Geist haben es verdient. Besuchen Sie <a class=\"decorated-link\" href=\"https:\/\/www.amazing-spa-nina.nl\" target=\"_new\" rel=\"noopener\" data-start=\"909\" data-end=\"967\">www.amazing-spa-nina.nl<\/a> und entdecken Sie den Unterschied, den pers\u00f6nliche Betreuung ausmacht.<\/p>\n<\/div>\n\n\t\t<\/div>\n\t<\/div>\n<div class=\"vc_empty_space  sc_height_tiny\"   style=\"height: 32px\"><span class=\"vc_empty_space_inner\"><\/span><\/div><\/div><\/div><\/div><\/div><div class=\"vc_row wpb_row vc_row-fluid shape_divider_top-none shape_divider_bottom-none\"><div class=\"wpb_column vc_column_container vc_col-sm-12 sc_layouts_column_icons_position_left\"><div class=\"vc_column-inner\"><div class=\"wpb_wrapper\">\n\t<div  class=\"wpb_single_image wpb_content_element vc_align_center wpb_content_element\">\n\t\t\n\t\t<figure class=\"wpb_wrapper vc_figure\">\n\t\t\t<div class=\"vc_single_image-wrapper   vc_box_border_grey\"><img loading=\"lazy\" decoding=\"async\" width=\"164\" height=\"300\" src=\"https:\/\/roerdinkhof.nl\/wp-content\/uploads\/2025\/08\/IMG-20250710-WA0016-164x300.jpg\" class=\"vc_single_image-img attachment-medium\" alt=\"\" title=\"IMG-20250710-WA0016\" srcset=\"https:\/\/roerdinkhof.nl\/wp-content\/uploads\/2025\/08\/IMG-20250710-WA0016-164x300.jpg 164w, https:\/\/roerdinkhof.nl\/wp-content\/uploads\/2025\/08\/IMG-20250710-WA0016-560x1024.jpg 560w, https:\/\/roerdinkhof.nl\/wp-content\/uploads\/2025\/08\/IMG-20250710-WA0016-768x1404.jpg 768w, https:\/\/roerdinkhof.nl\/wp-content\/uploads\/2025\/08\/IMG-20250710-WA0016-840x1536.jpg 840w, https:\/\/roerdinkhof.nl\/wp-content\/uploads\/2025\/08\/IMG-20250710-WA0016-7x12.jpg 7w, https:\/\/roerdinkhof.nl\/wp-content\/uploads\/2025\/08\/IMG-20250710-WA0016-370x677.jpg 370w, https:\/\/roerdinkhof.nl\/wp-content\/uploads\/2025\/08\/IMG-20250710-WA0016-765x1399.jpg 765w, https:\/\/roerdinkhof.nl\/wp-content\/uploads\/2025\/08\/IMG-20250710-WA0016-407x744.jpg 407w, https:\/\/roerdinkhof.nl\/wp-content\/uploads\/2025\/08\/IMG-20250710-WA0016.jpg 875w\" sizes=\"auto, (max-width: 164px) 100vw, 164px\" \/><\/div>\n\t\t<\/figure>\n\t<\/div>\n\n\t<div  class=\"wpb_single_image wpb_content_element vc_align_center wpb_content_element\">\n\t\t\n\t\t<figure class=\"wpb_wrapper vc_figure\">\n\t\t\t<div class=\"vc_single_image-wrapper   vc_box_border_grey\"><img loading=\"lazy\" decoding=\"async\" width=\"300\" height=\"202\" src=\"https:\/\/roerdinkhof.nl\/wp-content\/uploads\/2025\/08\/foto-300x202.jpg\" class=\"vc_single_image-img attachment-medium\" alt=\"\" title=\"Foto\" srcset=\"https:\/\/roerdinkhof.nl\/wp-content\/uploads\/2025\/08\/foto-300x202.jpg 300w, https:\/\/roerdinkhof.nl\/wp-content\/uploads\/2025\/08\/foto-1024x688.jpg 1024w, https:\/\/roerdinkhof.nl\/wp-content\/uploads\/2025\/08\/foto-768x516.jpg 768w, https:\/\/roerdinkhof.nl\/wp-content\/uploads\/2025\/08\/foto-1536x1032.jpg 1536w, https:\/\/roerdinkhof.nl\/wp-content\/uploads\/2025\/08\/foto-18x12.jpg 18w, https:\/\/roerdinkhof.nl\/wp-content\/uploads\/2025\/08\/foto-370x249.jpg 370w, https:\/\/roerdinkhof.nl\/wp-content\/uploads\/2025\/08\/foto-407x273.jpg 407w, https:\/\/roerdinkhof.nl\/wp-content\/uploads\/2025\/08\/foto-765x514.jpg 765w, https:\/\/roerdinkhof.nl\/wp-content\/uploads\/2025\/08\/foto.jpg 1676w\" sizes=\"auto, (max-width: 300px) 100vw, 300px\" \/><\/div>\n\t\t<\/figure>\n\t<\/div>\n<h2 style=\"text-align: left;font-family:Bevan;font-weight:400;font-style:normal\" class=\"vc_custom_heading vc_do_custom_heading\" >Kontakt<\/h2>\n\t<div class=\"wpb_text_column wpb_content_element\" >\n\t\t<div class=\"wpb_wrapper\">\n\t\t\t<p>Wenn Sie Fragen haben oder eine Massage buchen m\u00f6chten, kommen Sie einfach vorbei oder kontaktieren Sie uns unter <a href=\"tel:\/\/0031-543-564586\">0543-564586<\/a> \/ <a href=\"tel:\/\/0031-6-22690698\">06-22690698,\u00a0<\/a>senden <a href=\"https:\/\/api.whatsapp.com\/send?phone=31622690698\">Whatsapp<\/a> oder buchen Sie direkt unter www.amazing-spa-nina.nl<\/p>\n\n\t\t<\/div>\n\t<\/div>\n<\/div><\/div><\/div><\/div><div class=\"vc_row wpb_row vc_row-fluid shape_divider_top-none shape_divider_bottom-none\"><div class=\"wpb_column vc_column_container vc_col-sm-12 sc_layouts_column_icons_position_left\"><div class=\"vc_column-inner\"><div class=\"wpb_wrapper\"><div class=\"vc_empty_space  sc_height_tiny\"   style=\"height: 32px\"><span class=\"vc_empty_space_inner\"><\/span><\/div><div class=\"wpb_gmaps_widget wpb_content_element vc_map_responsive\"><h2 class=\"wpb_heading wpb_map_heading\">Erstaunliches Spa Nina<\/h2><div class=\"wpb_wrapper\"><div class=\"wpb_map_wraper\"><iframe\n  src=\"https:\/\/www.google.com\/maps\/embed?pb=!1m18!1m12!1m3!1d2458.02475082008!2d6.71184247555183!3d51.969973576807384!2m3!1f0!2f0!3f0!3m2!1i1024!2i768!4f13.1!3m3!1m2!1s0x47b87b8e94cc7ca9%3A0x6f43614b2e05d082!2sAmazing%20Spa%20Nina!5e0!3m2!1snl!2snl!4v1756833191477!5m2!1snl!2snl\"\n  width=\"100%\" height=\"450\" style=\"border:0;display:block;\"\n  allowfullscreen=\"\" loading=\"lazy\"\n  referrerpolicy=\"no-referrer-when-downgrade\"><\/iframe><\/div><\/div><\/div><div class=\"vc_empty_space  sc_height_tiny\"   style=\"height: 32px\"><span class=\"vc_empty_space_inner\"><\/span><\/div><\/div><\/div><\/div><\/div>\n<\/div>","protected":false},"excerpt":{"rendered":"Wellness Zur\u00fcck zum nat\u00fcrlichen Leben auf dem Roerdinkhof Auf dem Roerdinkhof k\u00f6nnen Sie \u00fcbernachten, fr\u00fchst\u00fccken, zu Mittag und zu Abend essen mit Produkten aus der Region. Die nat\u00fcrliche Umgebung des Roerdinkhofs garantiert Genuss und Gl\u00fcck f\u00fcr alle. Mehr Geist im Leben erfordert eine gute Gesundheit. Deshalb gibt es Wellness schon seit \u00fcber 100 Jahren. Wir sind da...","protected":false},"author":990005,"featured_media":0,"parent":0,"menu_order":0,"comment_status":"closed","ping_status":"closed","template":"","meta":{"_joinchat":[],"footnotes":""},"class_list":["post-1495","page","type-page","status-publish","hentry"],"yoast_head":"<!-- This site is optimized with the Yoast SEO plugin v27.4 - https:\/\/yoast.com\/product\/yoast-seo-wordpress\/ -->\n<title>Wellness massage bij Hotel Restaurant Roerdinkhof<\/title>\n<meta name=\"description\" content=\"U kunt bij de Roerdinkhof terecht voor een heerlijke Indonesische massage door Nina, een therapeute met ruim 20 jaar ervaring.\" \/>\n<meta name=\"robots\" content=\"index, follow, max-snippet:-1, max-image-preview:large, max-video-preview:-1\" \/>\n<link rel=\"canonical\" href=\"https:\/\/roerdinkhof.nl\/de\/balinesemassage\/\" \/>\n<meta property=\"og:locale\" content=\"de_DE\" \/>\n<meta property=\"og:type\" content=\"article\" \/>\n<meta property=\"og:title\" content=\"Wellness massage bij Hotel Restaurant Roerdinkhof\" \/>\n<meta property=\"og:description\" content=\"U kunt bij de Roerdinkhof terecht voor een heerlijke Indonesische massage door Nina, een therapeute met ruim 20 jaar ervaring.\" \/>\n<meta property=\"og:url\" content=\"https:\/\/roerdinkhof.nl\/de\/balinesemassage\/\" \/>\n<meta property=\"og:site_name\" content=\"Roerdinkhof\" \/>\n<meta property=\"article:publisher\" content=\"https:\/\/www.facebook.com\/GroepsaccommodatieCampingRestaurantWellnessHotel\" \/>\n<meta property=\"article:modified_time\" content=\"2025-10-07T08:19:20+00:00\" \/>\n<meta name=\"twitter:card\" content=\"summary_large_image\" \/>\n<meta name=\"twitter:label1\" content=\"Gesch\u00e4tzte Lesezeit\" \/>\n\t<meta name=\"twitter:data1\" content=\"2\u00a0Minuten\" \/>\n<script type=\"application\/ld+json\" class=\"yoast-schema-graph\">{\"@context\":\"https:\\\/\\\/schema.org\",\"@graph\":[{\"@type\":\"WebPage\",\"@id\":\"https:\\\/\\\/roerdinkhof.nl\\\/balinesemassage\\\/\",\"url\":\"https:\\\/\\\/roerdinkhof.nl\\\/balinesemassage\\\/\",\"name\":\"Wellness massage bij Hotel Restaurant Roerdinkhof\",\"isPartOf\":{\"@id\":\"https:\\\/\\\/roerdinkhof.nl\\\/#website\"},\"datePublished\":\"2018-04-10T13:41:07+00:00\",\"dateModified\":\"2025-10-07T08:19:20+00:00\",\"description\":\"U kunt bij de Roerdinkhof terecht voor een heerlijke Indonesische massage door Nina, een therapeute met ruim 20 jaar ervaring.\",\"breadcrumb\":{\"@id\":\"https:\\\/\\\/roerdinkhof.nl\\\/balinesemassage\\\/#breadcrumb\"},\"inLanguage\":\"de\",\"potentialAction\":[{\"@type\":\"ReadAction\",\"target\":[\"https:\\\/\\\/roerdinkhof.nl\\\/balinesemassage\\\/\"]}]},{\"@type\":\"BreadcrumbList\",\"@id\":\"https:\\\/\\\/roerdinkhof.nl\\\/balinesemassage\\\/#breadcrumb\",\"itemListElement\":[{\"@type\":\"ListItem\",\"position\":1,\"name\":\"Home\",\"item\":\"https:\\\/\\\/roerdinkhof.nl\\\/\"},{\"@type\":\"ListItem\",\"position\":2,\"name\":\"Wellness\"}]},{\"@type\":\"WebSite\",\"@id\":\"https:\\\/\\\/roerdinkhof.nl\\\/#website\",\"url\":\"https:\\\/\\\/roerdinkhof.nl\\\/\",\"name\":\"Roerdinkhof\",\"description\":\"\",\"publisher\":{\"@id\":\"https:\\\/\\\/roerdinkhof.nl\\\/#organization\"},\"potentialAction\":[{\"@type\":\"SearchAction\",\"target\":{\"@type\":\"EntryPoint\",\"urlTemplate\":\"https:\\\/\\\/roerdinkhof.nl\\\/?s={search_term_string}\"},\"query-input\":{\"@type\":\"PropertyValueSpecification\",\"valueRequired\":true,\"valueName\":\"search_term_string\"}}],\"inLanguage\":\"de\"},{\"@type\":\"Organization\",\"@id\":\"https:\\\/\\\/roerdinkhof.nl\\\/#organization\",\"name\":\"Roerdinkhof\",\"url\":\"https:\\\/\\\/roerdinkhof.nl\\\/\",\"logo\":{\"@type\":\"ImageObject\",\"inLanguage\":\"de\",\"@id\":\"https:\\\/\\\/roerdinkhof.nl\\\/#\\\/schema\\\/logo\\\/image\\\/\",\"url\":\"https:\\\/\\\/roerdinkhof.nl\\\/wp-content\\\/uploads\\\/2017\\\/07\\\/logo_pand_transparant.png\",\"contentUrl\":\"https:\\\/\\\/roerdinkhof.nl\\\/wp-content\\\/uploads\\\/2017\\\/07\\\/logo_pand_transparant.png\",\"width\":202,\"height\":114,\"caption\":\"Roerdinkhof\"},\"image\":{\"@id\":\"https:\\\/\\\/roerdinkhof.nl\\\/#\\\/schema\\\/logo\\\/image\\\/\"},\"sameAs\":[\"https:\\\/\\\/www.facebook.com\\\/GroepsaccommodatieCampingRestaurantWellnessHotel\",\"https:\\\/\\\/www.instagram.com\\\/roerdinkhof\\\/\"]}]}<\/script>\n<!-- \/ Yoast SEO plugin. -->","yoast_head_json":{"title":"Wellness massage bij Hotel Restaurant Roerdinkhof","description":"U kunt bij de Roerdinkhof terecht voor een heerlijke Indonesische massage door Nina, een therapeute met ruim 20 jaar ervaring.","robots":{"index":"index","follow":"follow","max-snippet":"max-snippet:-1","max-image-preview":"max-image-preview:large","max-video-preview":"max-video-preview:-1"},"canonical":"https:\/\/roerdinkhof.nl\/de\/balinesemassage\/","og_locale":"de_DE","og_type":"article","og_title":"Wellness massage bij Hotel Restaurant Roerdinkhof","og_description":"U kunt bij de Roerdinkhof terecht voor een heerlijke Indonesische massage door Nina, een therapeute met ruim 20 jaar ervaring.","og_url":"https:\/\/roerdinkhof.nl\/de\/balinesemassage\/","og_site_name":"Roerdinkhof","article_publisher":"https:\/\/www.facebook.com\/GroepsaccommodatieCampingRestaurantWellnessHotel","article_modified_time":"2025-10-07T08:19:20+00:00","twitter_card":"summary_large_image","twitter_misc":{"Gesch\u00e4tzte Lesezeit":"2\u00a0Minuten"},"schema":{"@context":"https:\/\/schema.org","@graph":[{"@type":"WebPage","@id":"https:\/\/roerdinkhof.nl\/balinesemassage\/","url":"https:\/\/roerdinkhof.nl\/balinesemassage\/","name":"Wellness massage bij Hotel Restaurant Roerdinkhof","isPartOf":{"@id":"https:\/\/roerdinkhof.nl\/#website"},"datePublished":"2018-04-10T13:41:07+00:00","dateModified":"2025-10-07T08:19:20+00:00","description":"U kunt bij de Roerdinkhof terecht voor een heerlijke Indonesische massage door Nina, een therapeute met ruim 20 jaar ervaring.","breadcrumb":{"@id":"https:\/\/roerdinkhof.nl\/balinesemassage\/#breadcrumb"},"inLanguage":"de","potentialAction":[{"@type":"ReadAction","target":["https:\/\/roerdinkhof.nl\/balinesemassage\/"]}]},{"@type":"BreadcrumbList","@id":"https:\/\/roerdinkhof.nl\/balinesemassage\/#breadcrumb","itemListElement":[{"@type":"ListItem","position":1,"name":"Home","item":"https:\/\/roerdinkhof.nl\/"},{"@type":"ListItem","position":2,"name":"Wellness"}]},{"@type":"WebSite","@id":"https:\/\/roerdinkhof.nl\/#website","url":"https:\/\/roerdinkhof.nl\/","name":"Roerdinkhof","description":"","publisher":{"@id":"https:\/\/roerdinkhof.nl\/#organization"},"potentialAction":[{"@type":"SearchAction","target":{"@type":"EntryPoint","urlTemplate":"https:\/\/roerdinkhof.nl\/?s={search_term_string}"},"query-input":{"@type":"PropertyValueSpecification","valueRequired":true,"valueName":"search_term_string"}}],"inLanguage":"de"},{"@type":"Organization","@id":"https:\/\/roerdinkhof.nl\/#organization","name":"Roerdinkhof","url":"https:\/\/roerdinkhof.nl\/","logo":{"@type":"ImageObject","inLanguage":"de","@id":"https:\/\/roerdinkhof.nl\/#\/schema\/logo\/image\/","url":"https:\/\/roerdinkhof.nl\/wp-content\/uploads\/2017\/07\/logo_pand_transparant.png","contentUrl":"https:\/\/roerdinkhof.nl\/wp-content\/uploads\/2017\/07\/logo_pand_transparant.png","width":202,"height":114,"caption":"Roerdinkhof"},"image":{"@id":"https:\/\/roerdinkhof.nl\/#\/schema\/logo\/image\/"},"sameAs":["https:\/\/www.facebook.com\/GroepsaccommodatieCampingRestaurantWellnessHotel","https:\/\/www.instagram.com\/roerdinkhof\/"]}]}},"_links":{"self":[{"href":"https:\/\/roerdinkhof.nl\/de\/wp-json\/wp\/v2\/pages\/1495","targetHints":{"allow":["GET"]}}],"collection":[{"href":"https:\/\/roerdinkhof.nl\/de\/wp-json\/wp\/v2\/pages"}],"about":[{"href":"https:\/\/roerdinkhof.nl\/de\/wp-json\/wp\/v2\/types\/page"}],"author":[{"embeddable":true,"href":"https:\/\/roerdinkhof.nl\/de\/wp-json\/wp\/v2\/users\/990005"}],"replies":[{"embeddable":true,"href":"https:\/\/roerdinkhof.nl\/de\/wp-json\/wp\/v2\/comments?post=1495"}],"version-history":[{"count":37,"href":"https:\/\/roerdinkhof.nl\/de\/wp-json\/wp\/v2\/pages\/1495\/revisions"}],"predecessor-version":[{"id":4512,"href":"https:\/\/roerdinkhof.nl\/de\/wp-json\/wp\/v2\/pages\/1495\/revisions\/4512"}],"wp:attachment":[{"href":"https:\/\/roerdinkhof.nl\/de\/wp-json\/wp\/v2\/media?parent=1495"}],"curies":[{"name":"wp","href":"https:\/\/api.w.org\/{rel}","templated":true}]}}